{"id":2,"date":"2022-03-06T01:29:23","date_gmt":"2022-03-06T01:29:23","guid":{"rendered":"https:\/\/stylishinversions.com\/?page_id=2"},"modified":"2022-03-26T17:53:45","modified_gmt":"2022-03-26T17:53:45","slug":"cookies","status":"publish","type":"page","link":"https:\/\/stylishinversions.com\/en\/cookies\/","title":{"rendered":"Cookie Policies"},"content":{"rendered":"<p class=\"wp-block-paragraph\">In the Cookies Policy of Stylish Inversions, we comply with notifying you that this site can collect information automatically when using cookies, which is why we request confirmation and ask you to carefully read both the cookie policies and the privacy policies, to that you can enjoy the content with complete peace of mind.<\/p>\n\n\n\n<p class=\"wp-block-paragraph\">In the Cookies Policy of Stylish Inversions, we seek to be transparent, as you like!<\/p>\n\n\n\n<h2 class=\"wp-block-heading\" style=\"text-transform:uppercase\">What are Cookies?<\/h2>\n\n\n\n<p class=\"wp-block-paragraph\">Cookies are a tool used by Web servers to store and retrieve information about their visitors. It is nothing more than a text file that some servers ask our browser to write to our hard drive, with information about what we have been doing on their pages. They have an expiration date, which can range from the duration of the session to a specified future date, after which they are no longer operational.<\/p>\n\n\n\n<h2 class=\"wp-block-heading\" style=\"text-transform:uppercase\"><strong>Why we use cookies<\/strong><\/h2>\n\n\n\n<p class=\"wp-block-paragraph\"><strong>The cookies on this website help:<\/strong><\/p>\n\n\n\n<ul class=\"wp-block-list\"><li>Make this website work properly<\/li><li>Save you from having to log in every time you visit this site<\/li><li>Remind you of your settings during and between visits<\/li><li>Allow you to watch videos<\/li><li>Improve site speed\/security<\/li><li>That you can share pages with social networks<\/li><li>Continuous improvement of this website<\/li><li>Show you ads based on your browsing habits.<\/li><\/ul>\n\n\n\n<p class=\"wp-block-paragraph\"><strong>We will never use cookies to:<\/strong><\/p>\n\n\n\n<ul class=\"wp-block-list\"><li>Collect personally identifiable information (without your express permission)<\/li><li>Collect sensitive information (without your express permission)<\/li><li>Sharing personally identifiable data to third parties<\/li><\/ul>\n\n\n\n<p class=\"wp-block-paragraph\">As a user, you can reject the processing of data or information by blocking these cookies through the appropriate configuration of your browser. However, you should be aware that if you do so, this site may not work properly. By entering the site, if you continue browsing, <strong>you will be giving your consent<\/strong>&nbsp;for the use of the cookies detailed below.<\/p>\n\n\n\n<h2 class=\"wp-block-heading\" style=\"text-transform:uppercase\">What types of cookies could be used.<\/h2>\n\n\n\n<h3 class=\"wp-block-heading\"><strong>Own cookies:<\/strong><\/h3>\n\n\n\n<ul class=\"wp-block-list\"><li>Session storage cookies, to ensure that users who write comments on the blog are human and not automated applications. This way spam is combated.&nbsp;<em>spam<\/em>These cookies are deleted when you stop browsing our website or, in the case of having the session active, you also close the session.<\/li><li>Local storage cookies: To keep sessions open and the cookie consent itself saved.<\/li><\/ul>\n\n\n\n<h3 class=\"wp-block-heading\"><strong>Third party cookies:<\/strong><\/h3>\n\n\n\n<p class=\"wp-block-paragraph\">This website, like most websites, includes features provided by third parties, therefore in the syspa social cookies policy we comply with mentioning them.<\/p>\n\n\n\n<p class=\"wp-block-paragraph\"><strong>Analysis cookies:<\/strong>&nbsp;They are collected only by third parties, such as Google Analytics, which allows us to quantify the number of users and thus carry out the statistical measurement and analysis of the use made by users of the service offered. For this, your browsing on our website is analyzed in order to improve the offer of products or services that we offer you.<\/p>\n\n\n\n<p class=\"wp-block-paragraph\"><strong>Advertising Cookies:<\/strong>Vendors, including Google Adsense, use cookies to display relevant advertisements based on a user's previous visits to their website or other websites. This site may use google and other types of advertisements.<\/p>\n\n\n\n<p class=\"wp-block-paragraph\">The user can check&nbsp;<a href=\"https:\/\/www.google.es\/intl\/es\/policies\/technologies\/types\/\">here<\/a>&nbsp;the type of cookies used by Google.<\/p>\n\n\n\n<p class=\"wp-block-paragraph\">Users can opt out of personalized advertising from Google by going to&nbsp;<a href=\"https:\/\/www.google.com\/settings\/ads\" target=\"_blank\" rel=\"noreferrer noopener\">Ad Preferences.<\/a>.<\/p>\n\n\n\n<p class=\"wp-block-paragraph\"><strong>Social network cookies:<\/strong>&nbsp;Each social network uses its own&nbsp;<em>cookies<\/em>&nbsp;so that you can click on buttons such as&nbsp;<em>Like<\/em>&nbsp;or&nbsp;<em>Share.<\/em>. <\/p>\n\n\n\n<h2 class=\"wp-block-heading\" style=\"text-transform:uppercase\">How can I manage and disable these cookies?<\/h2>\n\n\n\n<p class=\"wp-block-paragraph\">If you wish, it is possible to adapt your browser so that you are notified before cookies are downloaded.<\/p>\n\n\n\n<p class=\"wp-block-paragraph\">You can also modify your browser settings so that it rejects all cookies or only third-party cookies. You can also delete any of the cookies that are already on your computer.<\/p>\n\n\n\n<p class=\"wp-block-paragraph\">Keep in mind that you will have to adapt the configuration of each browser and equipment that you use separately.<\/p>\n\n\n\n<p class=\"wp-block-paragraph\">THIS WEBSITE makes available to users who want to prevent the installation of the aforementioned cookies, links provided for this purpose by browsers whose use is considered more widespread:<\/p>\n\n\n\n<p class=\"wp-block-paragraph\"><a href=\"https:\/\/support.google.com\/chrome\/bin\/answer.py?hl=es-419&amp;answer=95647\">Google Chrome<\/a>&nbsp;\u2013&nbsp;<a rel=\"noreferrer noopener\" href=\"https:\/\/privacy.microsoft.com\/es-mx\/privacystatement\" target=\"_blank\">Internet Explorer<\/a>&nbsp;\u2013&nbsp;<a href=\"https:\/\/support.mozilla.org\/es\/kb\/habilitar-y-deshabilitar-cookies-que-los-sitios-we\">Mozilla Firefox<\/a>&nbsp;\u2013&nbsp;<a href=\"https:\/\/support.apple.com\/kb\/HT1677?viewlocale=es_ES%20%97%20http:\/\/support.apple.com\/kb\/ph5042\">Apple Safari<\/a><\/p>\n\n\n\n<p class=\"wp-block-paragraph\">In addition to the Stylish Inversions Cookies Policy, you can also see:<br><br><a href=\"https:\/\/stylishinversions.com\/en\/privacidad\/\" target=\"_blank\" rel=\"noreferrer noopener\">Privacy policies<\/a><br><a href=\"https:\/\/stylishinversions.com\/en\/aviso_legal\/\" target=\"_blank\" rel=\"noreferrer noopener\">Legal warning<\/a><\/p>","protected":false},"excerpt":{"rendered":"<p>En la Pol\u00edtica de Cookies de Stylish Inversions, cumplimos con avisarte que este sitio puede recolectar informaci\u00f3n en forma autom\u00e1tica al utilizar cookies, es por esto que solicitamos con confirmaci\u00f3n y te pedimos que leas atentamente tanto las pol\u00edticas de cookies como las pol\u00edticas de privacidad, para que puedas disfrutar del contenido con total tranquilidad. [&hellip;]<\/p>\n","protected":false},"author":1,"featured_media":0,"parent":0,"menu_order":0,"comment_status":"closed","ping_status":"closed","template":"","meta":{"_crdt_document":"","site-sidebar-layout":"default","site-content-layout":"","ast-site-content-layout":"default","site-content-style":"default","site-sidebar-style":"default","ast-global-header-display":"","ast-banner-title-visibility":"","ast-main-header-display":"","ast-hfb-above-header-display":"","ast-hfb-below-header-display":"","ast-hfb-mobile-header-display":"","site-post-title":"","ast-breadcrumbs-content":"","ast-featured-img":"","footer-sml-layout":"","theme-transparent-header-meta":"","adv-header-id-meta":"","stick-header-meta":"","header-above-stick-meta":"","header-main-stick-meta":"","header-below-stick-meta":"","astra-migrate-meta-layouts":"default","ast-page-background-enabled":"default","ast-page-background-meta":{"desktop":{"background-color":"","background-image":"","background-repeat":"repeat","background-position":"center center","background-size":"auto","background-attachment":"scroll","background-type":"","background-media":"","overlay-type":"","overlay-color":"","overlay-opacity":"","overlay-gradient":""},"tablet":{"background-color":"","background-image":"","background-repeat":"repeat","background-position":"center center","background-size":"auto","background-attachment":"scroll","background-type":"","background-media":"","overlay-type":"","overlay-color":"","overlay-opacity":"","overlay-gradient":""},"mobile":{"background-color":"","background-image":"","background-repeat":"repeat","background-position":"center center","background-size":"auto","background-attachment":"scroll","background-type":"","background-media":"","overlay-type":"","overlay-color":"","overlay-opacity":"","overlay-gradient":""}},"ast-content-background-meta":{"desktop":{"background-color":"var(--ast-global-color-5)","background-image":"","background-repeat":"repeat","background-position":"center center","background-size":"auto","background-attachment":"scroll","background-type":"","background-media":"","overlay-type":"","overlay-color":"","overlay-opacity":"","overlay-gradient":""},"tablet":{"background-color":"var(--ast-global-color-5)","background-image":"","background-repeat":"repeat","background-position":"center center","background-size":"auto","background-attachment":"scroll","background-type":"","background-media":"","overlay-type":"","overlay-color":"","overlay-opacity":"","overlay-gradient":""},"mobile":{"background-color":"var(--ast-global-color-5)","background-image":"","background-repeat":"repeat","background-position":"center center","background-size":"auto","background-attachment":"scroll","background-type":"","background-media":"","overlay-type":"","overlay-color":"","overlay-opacity":"","overlay-gradient":""}},"footnotes":""},"class_list":["post-2","page","type-page","status-publish","hentry"],"yoast_head":"<!-- This site is optimized with the Yoast SEO plugin v27.0 - https:\/\/yoast.com\/product\/yoast-seo-wordpress\/ -->\n<title>Pol\u00edticas de Cookies - Stylish Inversions<\/title>\n<meta name=\"robots\" content=\"index, follow, max-snippet:-1, max-image-preview:large, max-video-preview:-1\" \/>\n<link rel=\"canonical\" href=\"https:\/\/stylishinversions.com\/en\/cookies\/\" \/>\n<meta property=\"og:locale\" content=\"en_US\" \/>\n<meta property=\"og:type\" content=\"article\" \/>\n<meta property=\"og:title\" content=\"Pol\u00edticas de Cookies - Stylish Inversions\" \/>\n<meta property=\"og:description\" content=\"En la Pol\u00edtica de Cookies de Stylish Inversions, cumplimos con avisarte que este sitio puede recolectar informaci\u00f3n en forma autom\u00e1tica al utilizar cookies, es por esto que solicitamos con confirmaci\u00f3n y te pedimos que leas atentamente tanto las pol\u00edticas de cookies como las pol\u00edticas de privacidad, para que puedas disfrutar del contenido con total tranquilidad. [&hellip;]\" \/>\n<meta property=\"og:url\" content=\"https:\/\/stylishinversions.com\/en\/cookies\/\" \/>\n<meta property=\"og:site_name\" content=\"Stylish Inversions\" \/>\n<meta property=\"article:modified_time\" content=\"2022-03-26T17:53:45+00:00\" \/>\n<meta name=\"twitter:card\" content=\"summary_large_image\" \/>\n<meta name=\"twitter:label1\" content=\"Est. reading time\" \/>\n\t<meta name=\"twitter:data1\" content=\"4 minutes\" \/>\n<script type=\"application\/ld+json\" class=\"yoast-schema-graph\">{\"@context\":\"https:\/\/schema.org\",\"@graph\":[{\"@type\":\"WebPage\",\"@id\":\"https:\/\/stylishinversions.com\/cookies\/\",\"url\":\"https:\/\/stylishinversions.com\/cookies\/\",\"name\":\"Pol\u00edticas de Cookies - Stylish Inversions\",\"isPartOf\":{\"@id\":\"https:\/\/stylishinversions.com\/#website\"},\"datePublished\":\"2022-03-06T01:29:23+00:00\",\"dateModified\":\"2022-03-26T17:53:45+00:00\",\"breadcrumb\":{\"@id\":\"https:\/\/stylishinversions.com\/cookies\/#breadcrumb\"},\"inLanguage\":\"en-US\",\"potentialAction\":[{\"@type\":\"ReadAction\",\"target\":[\"https:\/\/stylishinversions.com\/cookies\/\"]}]},{\"@type\":\"BreadcrumbList\",\"@id\":\"https:\/\/stylishinversions.com\/cookies\/#breadcrumb\",\"itemListElement\":[{\"@type\":\"ListItem\",\"position\":1,\"name\":\"Portada\",\"item\":\"https:\/\/stylishinversions.com\/\"},{\"@type\":\"ListItem\",\"position\":2,\"name\":\"Pol\u00edticas de Cookies\"}]},{\"@type\":\"WebSite\",\"@id\":\"https:\/\/stylishinversions.com\/#website\",\"url\":\"https:\/\/stylishinversions.com\/\",\"name\":\"Stylish Inversions\",\"description\":\"\",\"publisher\":{\"@id\":\"https:\/\/stylishinversions.com\/#organization\"},\"potentialAction\":[{\"@type\":\"SearchAction\",\"target\":{\"@type\":\"EntryPoint\",\"urlTemplate\":\"https:\/\/stylishinversions.com\/?s={search_term_string}\"},\"query-input\":{\"@type\":\"PropertyValueSpecification\",\"valueRequired\":true,\"valueName\":\"search_term_string\"}}],\"inLanguage\":\"en-US\"},{\"@type\":\"Organization\",\"@id\":\"https:\/\/stylishinversions.com\/#organization\",\"name\":\"Stylish Inversions\",\"url\":\"https:\/\/stylishinversions.com\/\",\"logo\":{\"@type\":\"ImageObject\",\"inLanguage\":\"en-US\",\"@id\":\"https:\/\/stylishinversions.com\/#\/schema\/logo\/image\/\",\"url\":\"https:\/\/stylishinversions.com\/wp-content\/uploads\/2022\/03\/cropped-logo.png\",\"contentUrl\":\"https:\/\/stylishinversions.com\/wp-content\/uploads\/2022\/03\/cropped-logo.png\",\"width\":300,\"height\":218,\"caption\":\"Stylish Inversions\"},\"image\":{\"@id\":\"https:\/\/stylishinversions.com\/#\/schema\/logo\/image\/\"},\"sameAs\":[\"https:\/\/www.pinterest.es\/stylishinversions\"]}]}<\/script>\n<!-- \/ Yoast SEO plugin. -->","yoast_head_json":{"title":"Pol\u00edticas de Cookies - Stylish Inversions","robots":{"index":"index","follow":"follow","max-snippet":"max-snippet:-1","max-image-preview":"max-image-preview:large","max-video-preview":"max-video-preview:-1"},"canonical":"https:\/\/stylishinversions.com\/en\/cookies\/","og_locale":"en_US","og_type":"article","og_title":"Pol\u00edticas de Cookies - Stylish Inversions","og_description":"En la Pol\u00edtica de Cookies de Stylish Inversions, cumplimos con avisarte que este sitio puede recolectar informaci\u00f3n en forma autom\u00e1tica al utilizar cookies, es por esto que solicitamos con confirmaci\u00f3n y te pedimos que leas atentamente tanto las pol\u00edticas de cookies como las pol\u00edticas de privacidad, para que puedas disfrutar del contenido con total tranquilidad. [&hellip;]","og_url":"https:\/\/stylishinversions.com\/en\/cookies\/","og_site_name":"Stylish Inversions","article_modified_time":"2022-03-26T17:53:45+00:00","twitter_card":"summary_large_image","twitter_misc":{"Est. reading time":"4 minutes"},"schema":{"@context":"https:\/\/schema.org","@graph":[{"@type":"WebPage","@id":"https:\/\/stylishinversions.com\/cookies\/","url":"https:\/\/stylishinversions.com\/cookies\/","name":"Pol\u00edticas de Cookies - Stylish Inversions","isPartOf":{"@id":"https:\/\/stylishinversions.com\/#website"},"datePublished":"2022-03-06T01:29:23+00:00","dateModified":"2022-03-26T17:53:45+00:00","breadcrumb":{"@id":"https:\/\/stylishinversions.com\/cookies\/#breadcrumb"},"inLanguage":"en-US","potentialAction":[{"@type":"ReadAction","target":["https:\/\/stylishinversions.com\/cookies\/"]}]},{"@type":"BreadcrumbList","@id":"https:\/\/stylishinversions.com\/cookies\/#breadcrumb","itemListElement":[{"@type":"ListItem","position":1,"name":"Portada","item":"https:\/\/stylishinversions.com\/"},{"@type":"ListItem","position":2,"name":"Pol\u00edticas de Cookies"}]},{"@type":"WebSite","@id":"https:\/\/stylishinversions.com\/#website","url":"https:\/\/stylishinversions.com\/","name":"Stylish Inversions","description":"","publisher":{"@id":"https:\/\/stylishinversions.com\/#organization"},"potentialAction":[{"@type":"SearchAction","target":{"@type":"EntryPoint","urlTemplate":"https:\/\/stylishinversions.com\/?s={search_term_string}"},"query-input":{"@type":"PropertyValueSpecification","valueRequired":true,"valueName":"search_term_string"}}],"inLanguage":"en-US"},{"@type":"Organization","@id":"https:\/\/stylishinversions.com\/#organization","name":"Stylish Inversions","url":"https:\/\/stylishinversions.com\/","logo":{"@type":"ImageObject","inLanguage":"en-US","@id":"https:\/\/stylishinversions.com\/#\/schema\/logo\/image\/","url":"https:\/\/stylishinversions.com\/wp-content\/uploads\/2022\/03\/cropped-logo.png","contentUrl":"https:\/\/stylishinversions.com\/wp-content\/uploads\/2022\/03\/cropped-logo.png","width":300,"height":218,"caption":"Stylish Inversions"},"image":{"@id":"https:\/\/stylishinversions.com\/#\/schema\/logo\/image\/"},"sameAs":["https:\/\/www.pinterest.es\/stylishinversions"]}]}},"_links":{"self":[{"href":"https:\/\/stylishinversions.com\/en\/wp-json\/wp\/v2\/pages\/2","targetHints":{"allow":["GET"]}}],"collection":[{"href":"https:\/\/stylishinversions.com\/en\/wp-json\/wp\/v2\/pages"}],"about":[{"href":"https:\/\/stylishinversions.com\/en\/wp-json\/wp\/v2\/types\/page"}],"author":[{"embeddable":true,"href":"https:\/\/stylishinversions.com\/en\/wp-json\/wp\/v2\/users\/1"}],"replies":[{"embeddable":true,"href":"https:\/\/stylishinversions.com\/en\/wp-json\/wp\/v2\/comments?post=2"}],"version-history":[{"count":9,"href":"https:\/\/stylishinversions.com\/en\/wp-json\/wp\/v2\/pages\/2\/revisions"}],"predecessor-version":[{"id":694,"href":"https:\/\/stylishinversions.com\/en\/wp-json\/wp\/v2\/pages\/2\/revisions\/694"}],"wp:attachment":[{"href":"https:\/\/stylishinversions.com\/en\/wp-json\/wp\/v2\/media?parent=2"}],"curies":[{"name":"wp","href":"https:\/\/api.w.org\/{rel}","templated":true}]}}