{"id":31,"date":"2020-04-13T11:18:52","date_gmt":"2020-04-13T11:18:52","guid":{"rendered":"https:\/\/stylishinversions.com\/about\/"},"modified":"2022-04-11T14:47:23","modified_gmt":"2022-04-11T14:47:23","slug":"nosotros","status":"publish","type":"page","link":"https:\/\/stylishinversions.com\/en\/nosotros\/","title":{"rendered":"About"},"content":{"rendered":"<div data-elementor-type=\"wp-page\" data-elementor-id=\"31\" class=\"elementor elementor-31\">\n\t\t\t\t\t\t<section class=\"elementor-section elementor-top-section elementor-element elementor-element-5131a13e elementor-section-boxed elementor-section-height-default elementor-section-height-default\" data-id=\"5131a13e\" data-element_type=\"section\" data-e-type=\"section\" data-settings=\"{&quot;background_background&quot;:&quot;classic&quot;}\">\n\t\t\t\t\t\t\t<div class=\"elementor-background-overlay\"><\/div>\n\t\t\t\t\t\t\t<div class=\"elementor-container elementor-column-gap-default\">\n\t\t\t\t\t<div class=\"elementor-column elementor-col-100 elementor-top-column elementor-element elementor-element-1053ca7a\" data-id=\"1053ca7a\" data-element_type=\"column\" data-e-type=\"column\">\n\t\t\t<div class=\"elementor-widget-wrap elementor-element-populated\">\n\t\t\t\t\t\t<div class=\"elementor-element elementor-element-3d99e122 elementor-widget elementor-widget-heading\" data-id=\"3d99e122\" data-element_type=\"widget\" data-e-type=\"widget\" data-widget_type=\"heading.default\">\n\t\t\t\t<div class=\"elementor-widget-container\">\n\t\t\t\t\t<h1 class=\"elementor-heading-title elementor-size-default\">About<\/h1>\t\t\t\t<\/div>\n\t\t\t\t<\/div>\n\t\t\t\t\t<\/div>\n\t\t<\/div>\n\t\t\t\t\t<\/div>\n\t\t<\/section>\n\t\t\t\t<section class=\"elementor-section elementor-top-section elementor-element elementor-element-40177ae0 elementor-section-boxed elementor-section-height-default elementor-section-height-default\" data-id=\"40177ae0\" data-element_type=\"section\" data-e-type=\"section\">\n\t\t\t\t\t\t<div class=\"elementor-container elementor-column-gap-no\">\n\t\t\t\t\t<div class=\"elementor-column elementor-col-50 elementor-top-column elementor-element elementor-element-2828f573\" data-id=\"2828f573\" data-element_type=\"column\" data-e-type=\"column\">\n\t\t\t<div class=\"elementor-widget-wrap elementor-element-populated\">\n\t\t\t\t\t\t<div class=\"elementor-element elementor-element-68afc23b elementor-widget elementor-widget-heading\" data-id=\"68afc23b\" data-element_type=\"widget\" data-e-type=\"widget\" data-widget_type=\"heading.default\">\n\t\t\t\t<div class=\"elementor-widget-container\">\n\t\t\t\t\t<div class=\"elementor-heading-title elementor-size-large\">Created in 2021<\/div>\t\t\t\t<\/div>\n\t\t\t\t<\/div>\n\t\t\t\t<div class=\"elementor-element elementor-element-8fb1ed2 elementor-widget elementor-widget-image\" data-id=\"8fb1ed2\" data-element_type=\"widget\" data-e-type=\"widget\" data-widget_type=\"image.default\">\n\t\t\t\t<div class=\"elementor-widget-container\">\n\t\t\t\t\t\t\t\t\t\t\t\t\t\t\t<img fetchpriority=\"high\" decoding=\"async\" width=\"1024\" height=\"646\" src=\"https:\/\/stylishinversions.com\/wp-content\/uploads\/2022\/03\/teamwork-cooperation-brainstorming-3213924-1024x646.jpg\" class=\"attachment-large size-large wp-image-590\" alt=\"teamwork, cooperation, brainstorming-3213924.jpg\" srcset=\"https:\/\/stylishinversions.com\/wp-content\/uploads\/2022\/03\/teamwork-cooperation-brainstorming-3213924-1024x646.jpg 1024w, https:\/\/stylishinversions.com\/wp-content\/uploads\/2022\/03\/teamwork-cooperation-brainstorming-3213924-300x189.jpg 300w, https:\/\/stylishinversions.com\/wp-content\/uploads\/2022\/03\/teamwork-cooperation-brainstorming-3213924-768x484.jpg 768w, https:\/\/stylishinversions.com\/wp-content\/uploads\/2022\/03\/teamwork-cooperation-brainstorming-3213924.jpg 1280w\" sizes=\"(max-width: 1024px) 100vw, 1024px\" \/>\t\t\t\t\t\t\t\t\t\t\t\t\t\t\t<\/div>\n\t\t\t\t<\/div>\n\t\t\t\t\t<\/div>\n\t\t<\/div>\n\t\t\t\t<div class=\"elementor-column elementor-col-50 elementor-top-column elementor-element elementor-element-48096891\" data-id=\"48096891\" data-element_type=\"column\" data-e-type=\"column\">\n\t\t\t<div class=\"elementor-widget-wrap elementor-element-populated\">\n\t\t\t\t\t\t<div class=\"elementor-element elementor-element-44ce5982 elementor-widget elementor-widget-text-editor\" data-id=\"44ce5982\" data-element_type=\"widget\" data-e-type=\"widget\" data-widget_type=\"text-editor.default\">\n\t\t\t\t<div class=\"elementor-widget-container\">\n\t\t\t\t\t\t\t\t\t<p>\u00a0<\/p><p><strong>WE ARE AN INVESTMENT PLATFORM FOCUSED ON DIRECT COMMUNICATION WITH OUR AFFILIATES, WE OPERATE IN VARIOUS SECTORS, ACHIEVING COMFORTABLE PROFITABILITY FOR OUR INVESTORS.<\/strong><\/p>\t\t\t\t\t\t\t\t<\/div>\n\t\t\t\t<\/div>\n\t\t\t\t<div class=\"elementor-element elementor-element-4ec76f84 elementor-widget elementor-widget-heading\" data-id=\"4ec76f84\" data-element_type=\"widget\" data-e-type=\"widget\" data-widget_type=\"heading.default\">\n\t\t\t\t<div class=\"elementor-widget-container\">\n\t\t\t\t\t<h3 class=\"elementor-heading-title elementor-size-medium\">Stylish Inversions<\/h3>\t\t\t\t<\/div>\n\t\t\t\t<\/div>\n\t\t\t\t\t<\/div>\n\t\t<\/div>\n\t\t\t\t\t<\/div>\n\t\t<\/section>\n\t\t\t\t<section class=\"elementor-section elementor-top-section elementor-element elementor-element-88095be elementor-section-boxed elementor-section-height-default elementor-section-height-default\" data-id=\"88095be\" data-element_type=\"section\" data-e-type=\"section\" data-settings=\"{&quot;background_background&quot;:&quot;classic&quot;}\">\n\t\t\t\t\t\t<div class=\"elementor-container elementor-column-gap-no\">\n\t\t\t\t\t<div class=\"elementor-column elementor-col-33 elementor-top-column elementor-element elementor-element-b59566c\" data-id=\"b59566c\" data-element_type=\"column\" data-e-type=\"column\">\n\t\t\t<div class=\"elementor-widget-wrap elementor-element-populated\">\n\t\t\t\t\t\t<div class=\"elementor-element elementor-element-b292dd2 elementor-widget elementor-widget-image-box\" data-id=\"b292dd2\" data-element_type=\"widget\" data-e-type=\"widget\" data-widget_type=\"image-box.default\">\n\t\t\t\t<div class=\"elementor-widget-container\">\n\t\t\t\t\t<div class=\"elementor-image-box-wrapper\"><div class=\"elementor-image-box-content\"><h2 class=\"elementor-image-box-title\">Mission<\/h2><p class=\"elementor-image-box-description\">ACHIEVE POSITIONING OURSELVES AMONG THE BEST INVESTMENT PLATFORMS <\/p><\/div><\/div>\t\t\t\t<\/div>\n\t\t\t\t<\/div>\n\t\t\t\t\t<\/div>\n\t\t<\/div>\n\t\t\t\t<div class=\"elementor-column elementor-col-33 elementor-top-column elementor-element elementor-element-bca9a20\" data-id=\"bca9a20\" data-element_type=\"column\" data-e-type=\"column\">\n\t\t\t<div class=\"elementor-widget-wrap elementor-element-populated\">\n\t\t\t\t\t\t<div class=\"elementor-element elementor-element-b0e23ae elementor-widget elementor-widget-image-box\" data-id=\"b0e23ae\" data-element_type=\"widget\" data-e-type=\"widget\" data-widget_type=\"image-box.default\">\n\t\t\t\t<div class=\"elementor-widget-container\">\n\t\t\t\t\t<div class=\"elementor-image-box-wrapper\"><div class=\"elementor-image-box-content\"><h2 class=\"elementor-image-box-title\">Vision<\/h2><p class=\"elementor-image-box-description\">MOVING TOWARDS PROFITABLE GROWTH AND MAKING STYLISH INVERSIONS EVEN BETTER SO THAT OUR AFFILIATES ENJOY AN INCREASE IN THEIR ECONOMY.<\/p><\/div><\/div>\t\t\t\t<\/div>\n\t\t\t\t<\/div>\n\t\t\t\t\t<\/div>\n\t\t<\/div>\n\t\t\t\t<div class=\"elementor-column elementor-col-33 elementor-top-column elementor-element elementor-element-6b0d72f\" data-id=\"6b0d72f\" data-element_type=\"column\" data-e-type=\"column\">\n\t\t\t<div class=\"elementor-widget-wrap elementor-element-populated\">\n\t\t\t\t\t\t<div class=\"elementor-element elementor-element-30cd69e elementor-widget elementor-widget-heading\" data-id=\"30cd69e\" data-element_type=\"widget\" data-e-type=\"widget\" data-widget_type=\"heading.default\">\n\t\t\t\t<div class=\"elementor-widget-container\">\n\t\t\t\t\t<h2 class=\"elementor-heading-title elementor-size-default\">values<\/h2>\t\t\t\t<\/div>\n\t\t\t\t<\/div>\n\t\t\t\t<div class=\"elementor-element elementor-element-9f92279 elementor-icon-list--layout-traditional elementor-list-item-link-full_width elementor-widget elementor-widget-icon-list\" data-id=\"9f92279\" data-element_type=\"widget\" data-e-type=\"widget\" data-widget_type=\"icon-list.default\">\n\t\t\t\t<div class=\"elementor-widget-container\">\n\t\t\t\t\t\t\t<ul class=\"elementor-icon-list-items\">\n\t\t\t\t\t\t\t<li class=\"elementor-icon-list-item\">\n\t\t\t\t\t\t\t\t\t\t\t<span class=\"elementor-icon-list-icon\">\n\t\t\t\t\t\t\t<i aria-hidden=\"true\" class=\"fas fa-caret-right\"><\/i>\t\t\t\t\t\t<\/span>\n\t\t\t\t\t\t\t\t\t\t<span class=\"elementor-icon-list-text\">TRANSPARENCY<\/span>\n\t\t\t\t\t\t\t\t\t<\/li>\n\t\t\t\t\t\t\t\t<li class=\"elementor-icon-list-item\">\n\t\t\t\t\t\t\t\t\t\t\t<span class=\"elementor-icon-list-icon\">\n\t\t\t\t\t\t\t<i aria-hidden=\"true\" class=\"fas fa-caret-right\"><\/i>\t\t\t\t\t\t<\/span>\n\t\t\t\t\t\t\t\t\t\t<span class=\"elementor-icon-list-text\">I RESPECT<\/span>\n\t\t\t\t\t\t\t\t\t<\/li>\n\t\t\t\t\t\t\t\t<li class=\"elementor-icon-list-item\">\n\t\t\t\t\t\t\t\t\t\t\t<span class=\"elementor-icon-list-icon\">\n\t\t\t\t\t\t\t<i aria-hidden=\"true\" class=\"fas fa-caret-right\"><\/i>\t\t\t\t\t\t<\/span>\n\t\t\t\t\t\t\t\t\t\t<span class=\"elementor-icon-list-text\">DESIRE TO PROSPER<\/span>\n\t\t\t\t\t\t\t\t\t<\/li>\n\t\t\t\t\t\t<\/ul>\n\t\t\t\t\t\t<\/div>\n\t\t\t\t<\/div>\n\t\t\t\t\t<\/div>\n\t\t<\/div>\n\t\t\t\t\t<\/div>\n\t\t<\/section>\n\t\t\t\t<\/div>","protected":false},"excerpt":{"rendered":"<p>Sobre Nosotros Creada en 2021 \u00a0 SOMOS UNA PLATAFORMA DE INVERSI\u00d3N CENTRADA EN LA COMUNICACI\u00d3N DIRECTA CON NUESTROS AFILIADOS, OPERAMOS EN DIVERSOS SECTORES LOGRANDO ALCANZAR UNA RENTABILIDAD CONFORTABLE PARA NUESTROS INVERSORES. Stylish Inversions Misi\u00f3n LOGRAR POSISIONARNOS ENTRES LAS MEJORES PLATAFORMAS DE INVERSI\u00d3N Visi\u00f3n MOVERNOS HACIA UN CRECIMIENTO RENTABLE Y HACER A STYLISH INVERSIONS A\u00daN MEJOR [&hellip;]<\/p>\n","protected":false},"author":1,"featured_media":0,"parent":0,"menu_order":0,"comment_status":"closed","ping_status":"closed","template":"","meta":{"_crdt_document":"","site-sidebar-layout":"no-sidebar","site-content-layout":"page-builder","ast-site-content-layout":"default","site-content-style":"default","site-sidebar-style":"default","ast-global-header-display":"","ast-banner-title-visibility":"","ast-main-header-display":"","ast-hfb-above-header-display":"","ast-hfb-below-header-display":"","ast-hfb-mobile-header-display":"","site-post-title":"disabled","ast-breadcrumbs-content":"","ast-featured-img":"","footer-sml-layout":"","theme-transparent-header-meta":"enabled","adv-header-id-meta":"","stick-header-meta":"","header-above-stick-meta":"","header-main-stick-meta":"","header-below-stick-meta":"","astra-migrate-meta-layouts":"default","ast-page-background-enabled":"default","ast-page-background-meta":{"desktop":{"background-color":"","background-image":"","background-repeat":"repeat","background-position":"center center","background-size":"auto","background-attachment":"scroll","background-type":"","background-media":"","overlay-type":"","overlay-color":"","overlay-opacity":"","overlay-gradient":""},"tablet":{"background-color":"","background-image":"","background-repeat":"repeat","background-position":"center center","background-size":"auto","background-attachment":"scroll","background-type":"","background-media":"","overlay-type":"","overlay-color":"","overlay-opacity":"","overlay-gradient":""},"mobile":{"background-color":"","background-image":"","background-repeat":"repeat","background-position":"center center","background-size":"auto","background-attachment":"scroll","background-type":"","background-media":"","overlay-type":"","overlay-color":"","overlay-opacity":"","overlay-gradient":""}},"ast-content-background-meta":{"desktop":{"background-color":"var(--ast-global-color-5)","background-image":"","background-repeat":"repeat","background-position":"center center","background-size":"auto","background-attachment":"scroll","background-type":"","background-media":"","overlay-type":"","overlay-color":"","overlay-opacity":"","overlay-gradient":""},"tablet":{"background-color":"var(--ast-global-color-5)","background-image":"","background-repeat":"repeat","background-position":"center center","background-size":"auto","background-attachment":"scroll","background-type":"","background-media":"","overlay-type":"","overlay-color":"","overlay-opacity":"","overlay-gradient":""},"mobile":{"background-color":"var(--ast-global-color-5)","background-image":"","background-repeat":"repeat","background-position":"center center","background-size":"auto","background-attachment":"scroll","background-type":"","background-media":"","overlay-type":"","overlay-color":"","overlay-opacity":"","overlay-gradient":""}},"footnotes":""},"class_list":["post-31","page","type-page","status-publish","hentry"],"yoast_head":"<!-- This site is optimized with the Yoast SEO plugin v27.0 - https:\/\/yoast.com\/product\/yoast-seo-wordpress\/ -->\n<title>Nosotros - Stylish Inversions<\/title>\n<meta name=\"description\" content=\"SOMOS UNA PLATAFORMA DE INVERSI\u00d3N CENTRADA EN LA COMUNICACI\u00d3N DIRECTA CON NUESTROS AFILIADOS, OPERAMOS EN DIVERSOS SECTORES LOGRANDO ALCANZAR UNA RENTABILIDAD CONFORTABLE PARA NUESTROS INVERSORES.\" \/>\n<meta name=\"robots\" content=\"index, follow, max-snippet:-1, max-image-preview:large, max-video-preview:-1\" \/>\n<link rel=\"canonical\" href=\"https:\/\/stylishinversions.com\/en\/nosotros\/\" \/>\n<meta property=\"og:locale\" content=\"en_US\" \/>\n<meta property=\"og:type\" content=\"article\" \/>\n<meta property=\"og:title\" content=\"Nosotros - Stylish Inversions\" \/>\n<meta property=\"og:description\" content=\"SOMOS UNA PLATAFORMA DE INVERSI\u00d3N CENTRADA EN LA COMUNICACI\u00d3N DIRECTA CON NUESTROS AFILIADOS, OPERAMOS EN DIVERSOS SECTORES LOGRANDO ALCANZAR UNA RENTABILIDAD CONFORTABLE PARA NUESTROS INVERSORES.\" \/>\n<meta property=\"og:url\" content=\"https:\/\/stylishinversions.com\/en\/nosotros\/\" \/>\n<meta property=\"og:site_name\" content=\"Stylish Inversions\" \/>\n<meta property=\"article:modified_time\" content=\"2022-04-11T14:47:23+00:00\" \/>\n<meta property=\"og:image\" content=\"https:\/\/stylishinversions.com\/wp-content\/uploads\/2022\/03\/teamwork-cooperation-brainstorming-3213924-1024x646.jpg\" \/>\n<meta name=\"twitter:card\" content=\"summary_large_image\" \/>\n<meta name=\"twitter:label1\" content=\"Est. reading time\" \/>\n\t<meta name=\"twitter:data1\" content=\"1 minute\" \/>\n<script type=\"application\/ld+json\" class=\"yoast-schema-graph\">{\"@context\":\"https:\/\/schema.org\",\"@graph\":[{\"@type\":\"WebPage\",\"@id\":\"https:\/\/stylishinversions.com\/nosotros\/\",\"url\":\"https:\/\/stylishinversions.com\/nosotros\/\",\"name\":\"Nosotros - Stylish Inversions\",\"isPartOf\":{\"@id\":\"https:\/\/stylishinversions.com\/#website\"},\"primaryImageOfPage\":{\"@id\":\"https:\/\/stylishinversions.com\/nosotros\/#primaryimage\"},\"image\":{\"@id\":\"https:\/\/stylishinversions.com\/nosotros\/#primaryimage\"},\"thumbnailUrl\":\"https:\/\/stylishinversions.com\/wp-content\/uploads\/2022\/03\/teamwork-cooperation-brainstorming-3213924-1024x646.jpg\",\"datePublished\":\"2020-04-13T11:18:52+00:00\",\"dateModified\":\"2022-04-11T14:47:23+00:00\",\"description\":\"SOMOS UNA PLATAFORMA DE INVERSI\u00d3N CENTRADA EN LA COMUNICACI\u00d3N DIRECTA CON NUESTROS AFILIADOS, OPERAMOS EN DIVERSOS SECTORES LOGRANDO ALCANZAR UNA RENTABILIDAD CONFORTABLE PARA NUESTROS INVERSORES.\",\"breadcrumb\":{\"@id\":\"https:\/\/stylishinversions.com\/nosotros\/#breadcrumb\"},\"inLanguage\":\"en-US\",\"potentialAction\":[{\"@type\":\"ReadAction\",\"target\":[\"https:\/\/stylishinversions.com\/nosotros\/\"]}]},{\"@type\":\"ImageObject\",\"inLanguage\":\"en-US\",\"@id\":\"https:\/\/stylishinversions.com\/nosotros\/#primaryimage\",\"url\":\"https:\/\/stylishinversions.com\/wp-content\/uploads\/2022\/03\/teamwork-cooperation-brainstorming-3213924-1024x646.jpg\",\"contentUrl\":\"https:\/\/stylishinversions.com\/wp-content\/uploads\/2022\/03\/teamwork-cooperation-brainstorming-3213924-1024x646.jpg\"},{\"@type\":\"BreadcrumbList\",\"@id\":\"https:\/\/stylishinversions.com\/nosotros\/#breadcrumb\",\"itemListElement\":[{\"@type\":\"ListItem\",\"position\":1,\"name\":\"Portada\",\"item\":\"https:\/\/stylishinversions.com\/\"},{\"@type\":\"ListItem\",\"position\":2,\"name\":\"Nosotros\"}]},{\"@type\":\"WebSite\",\"@id\":\"https:\/\/stylishinversions.com\/#website\",\"url\":\"https:\/\/stylishinversions.com\/\",\"name\":\"Stylish Inversions\",\"description\":\"\",\"publisher\":{\"@id\":\"https:\/\/stylishinversions.com\/#organization\"},\"potentialAction\":[{\"@type\":\"SearchAction\",\"target\":{\"@type\":\"EntryPoint\",\"urlTemplate\":\"https:\/\/stylishinversions.com\/?s={search_term_string}\"},\"query-input\":{\"@type\":\"PropertyValueSpecification\",\"valueRequired\":true,\"valueName\":\"search_term_string\"}}],\"inLanguage\":\"en-US\"},{\"@type\":\"Organization\",\"@id\":\"https:\/\/stylishinversions.com\/#organization\",\"name\":\"Stylish Inversions\",\"url\":\"https:\/\/stylishinversions.com\/\",\"logo\":{\"@type\":\"ImageObject\",\"inLanguage\":\"en-US\",\"@id\":\"https:\/\/stylishinversions.com\/#\/schema\/logo\/image\/\",\"url\":\"https:\/\/stylishinversions.com\/wp-content\/uploads\/2022\/03\/cropped-logo.png\",\"contentUrl\":\"https:\/\/stylishinversions.com\/wp-content\/uploads\/2022\/03\/cropped-logo.png\",\"width\":300,\"height\":218,\"caption\":\"Stylish Inversions\"},\"image\":{\"@id\":\"https:\/\/stylishinversions.com\/#\/schema\/logo\/image\/\"},\"sameAs\":[\"https:\/\/www.pinterest.es\/stylishinversions\"]}]}<\/script>\n<!-- \/ Yoast SEO plugin. -->","yoast_head_json":{"title":"Nosotros - Stylish Inversions","description":"WE ARE AN INVESTMENT PLATFORM FOCUSED ON DIRECT COMMUNICATION WITH OUR AFFILIATES, WE OPERATE IN VARIOUS SECTORS, ACHIEVING COMFORTABLE PROFITABILITY FOR OUR INVESTORS.","robots":{"index":"index","follow":"follow","max-snippet":"max-snippet:-1","max-image-preview":"max-image-preview:large","max-video-preview":"max-video-preview:-1"},"canonical":"https:\/\/stylishinversions.com\/en\/nosotros\/","og_locale":"en_US","og_type":"article","og_title":"Nosotros - Stylish Inversions","og_description":"SOMOS UNA PLATAFORMA DE INVERSI\u00d3N CENTRADA EN LA COMUNICACI\u00d3N DIRECTA CON NUESTROS AFILIADOS, OPERAMOS EN DIVERSOS SECTORES LOGRANDO ALCANZAR UNA RENTABILIDAD CONFORTABLE PARA NUESTROS INVERSORES.","og_url":"https:\/\/stylishinversions.com\/en\/nosotros\/","og_site_name":"Stylish Inversions","article_modified_time":"2022-04-11T14:47:23+00:00","og_image":[{"url":"https:\/\/stylishinversions.com\/wp-content\/uploads\/2022\/03\/teamwork-cooperation-brainstorming-3213924-1024x646.jpg","type":"","width":"","height":""}],"twitter_card":"summary_large_image","twitter_misc":{"Est. reading time":"1 minute"},"schema":{"@context":"https:\/\/schema.org","@graph":[{"@type":"WebPage","@id":"https:\/\/stylishinversions.com\/nosotros\/","url":"https:\/\/stylishinversions.com\/nosotros\/","name":"Nosotros - Stylish Inversions","isPartOf":{"@id":"https:\/\/stylishinversions.com\/#website"},"primaryImageOfPage":{"@id":"https:\/\/stylishinversions.com\/nosotros\/#primaryimage"},"image":{"@id":"https:\/\/stylishinversions.com\/nosotros\/#primaryimage"},"thumbnailUrl":"https:\/\/stylishinversions.com\/wp-content\/uploads\/2022\/03\/teamwork-cooperation-brainstorming-3213924-1024x646.jpg","datePublished":"2020-04-13T11:18:52+00:00","dateModified":"2022-04-11T14:47:23+00:00","description":"WE ARE AN INVESTMENT PLATFORM FOCUSED ON DIRECT COMMUNICATION WITH OUR AFFILIATES, WE OPERATE IN VARIOUS SECTORS, ACHIEVING COMFORTABLE PROFITABILITY FOR OUR INVESTORS.","breadcrumb":{"@id":"https:\/\/stylishinversions.com\/nosotros\/#breadcrumb"},"inLanguage":"en-US","potentialAction":[{"@type":"ReadAction","target":["https:\/\/stylishinversions.com\/nosotros\/"]}]},{"@type":"ImageObject","inLanguage":"en-US","@id":"https:\/\/stylishinversions.com\/nosotros\/#primaryimage","url":"https:\/\/stylishinversions.com\/wp-content\/uploads\/2022\/03\/teamwork-cooperation-brainstorming-3213924-1024x646.jpg","contentUrl":"https:\/\/stylishinversions.com\/wp-content\/uploads\/2022\/03\/teamwork-cooperation-brainstorming-3213924-1024x646.jpg"},{"@type":"BreadcrumbList","@id":"https:\/\/stylishinversions.com\/nosotros\/#breadcrumb","itemListElement":[{"@type":"ListItem","position":1,"name":"Portada","item":"https:\/\/stylishinversions.com\/"},{"@type":"ListItem","position":2,"name":"Nosotros"}]},{"@type":"WebSite","@id":"https:\/\/stylishinversions.com\/#website","url":"https:\/\/stylishinversions.com\/","name":"Stylish Inversions","description":"","publisher":{"@id":"https:\/\/stylishinversions.com\/#organization"},"potentialAction":[{"@type":"SearchAction","target":{"@type":"EntryPoint","urlTemplate":"https:\/\/stylishinversions.com\/?s={search_term_string}"},"query-input":{"@type":"PropertyValueSpecification","valueRequired":true,"valueName":"search_term_string"}}],"inLanguage":"en-US"},{"@type":"Organization","@id":"https:\/\/stylishinversions.com\/#organization","name":"Stylish Inversions","url":"https:\/\/stylishinversions.com\/","logo":{"@type":"ImageObject","inLanguage":"en-US","@id":"https:\/\/stylishinversions.com\/#\/schema\/logo\/image\/","url":"https:\/\/stylishinversions.com\/wp-content\/uploads\/2022\/03\/cropped-logo.png","contentUrl":"https:\/\/stylishinversions.com\/wp-content\/uploads\/2022\/03\/cropped-logo.png","width":300,"height":218,"caption":"Stylish Inversions"},"image":{"@id":"https:\/\/stylishinversions.com\/#\/schema\/logo\/image\/"},"sameAs":["https:\/\/www.pinterest.es\/stylishinversions"]}]}},"_links":{"self":[{"href":"https:\/\/stylishinversions.com\/en\/wp-json\/wp\/v2\/pages\/31","targetHints":{"allow":["GET"]}}],"collection":[{"href":"https:\/\/stylishinversions.com\/en\/wp-json\/wp\/v2\/pages"}],"about":[{"href":"https:\/\/stylishinversions.com\/en\/wp-json\/wp\/v2\/types\/page"}],"author":[{"embeddable":true,"href":"https:\/\/stylishinversions.com\/en\/wp-json\/wp\/v2\/users\/1"}],"replies":[{"embeddable":true,"href":"https:\/\/stylishinversions.com\/en\/wp-json\/wp\/v2\/comments?post=31"}],"version-history":[{"count":33,"href":"https:\/\/stylishinversions.com\/en\/wp-json\/wp\/v2\/pages\/31\/revisions"}],"predecessor-version":[{"id":821,"href":"https:\/\/stylishinversions.com\/en\/wp-json\/wp\/v2\/pages\/31\/revisions\/821"}],"wp:attachment":[{"href":"https:\/\/stylishinversions.com\/en\/wp-json\/wp\/v2\/media?parent=31"}],"curies":[{"name":"wp","href":"https:\/\/api.w.org\/{rel}","templated":true}]}}