{"id":32,"date":"2020-04-13T11:18:50","date_gmt":"2020-04-13T11:18:50","guid":{"rendered":"https:\/\/stylishinversions.com\/services\/"},"modified":"2023-04-20T10:52:30","modified_gmt":"2023-04-20T10:52:30","slug":"servicios","status":"publish","type":"page","link":"https:\/\/stylishinversions.com\/en\/servicios\/","title":{"rendered":"Services"},"content":{"rendered":"<div data-elementor-type=\"wp-page\" data-elementor-id=\"32\" class=\"elementor elementor-32\">\n\t\t\t\t\t\t<section class=\"elementor-section elementor-top-section elementor-element elementor-element-1b0a5d33 elementor-section-boxed elementor-section-height-default elementor-section-height-default\" data-id=\"1b0a5d33\" data-element_type=\"section\" data-e-type=\"section\" data-settings=\"{&quot;background_background&quot;:&quot;classic&quot;}\">\n\t\t\t\t\t\t\t<div class=\"elementor-background-overlay\"><\/div>\n\t\t\t\t\t\t\t<div class=\"elementor-container elementor-column-gap-default\">\n\t\t\t\t\t<div class=\"elementor-column elementor-col-100 elementor-top-column elementor-element elementor-element-1f841ba\" data-id=\"1f841ba\" data-element_type=\"column\" data-e-type=\"column\">\n\t\t\t<div class=\"elementor-widget-wrap elementor-element-populated\">\n\t\t\t\t\t\t<div class=\"elementor-element elementor-element-365ba0bd elementor-widget elementor-widget-heading\" data-id=\"365ba0bd\" data-element_type=\"widget\" data-e-type=\"widget\" data-widget_type=\"heading.default\">\n\t\t\t\t<div class=\"elementor-widget-container\">\n\t\t\t\t\t<h1 class=\"elementor-heading-title elementor-size-default\">Services<\/h1>\t\t\t\t<\/div>\n\t\t\t\t<\/div>\n\t\t\t\t\t<\/div>\n\t\t<\/div>\n\t\t\t\t\t<\/div>\n\t\t<\/section>\n\t\t\t\t<section class=\"elementor-section elementor-top-section elementor-element elementor-element-4d2c9e9 elementor-reverse-mobile elementor-section-boxed elementor-section-height-default elementor-section-height-default\" data-id=\"4d2c9e9\" data-element_type=\"section\" data-e-type=\"section\">\n\t\t\t\t\t\t<div class=\"elementor-container elementor-column-gap-no\">\n\t\t\t\t\t<div class=\"elementor-column elementor-col-50 elementor-top-column elementor-element elementor-element-1148300\" data-id=\"1148300\" data-element_type=\"column\" data-e-type=\"column\">\n\t\t\t<div class=\"elementor-widget-wrap elementor-element-populated\">\n\t\t\t\t\t\t<div class=\"elementor-element elementor-element-f142ca0 elementor-widget elementor-widget-image-box\" data-id=\"f142ca0\" data-element_type=\"widget\" data-e-type=\"widget\" data-widget_type=\"image-box.default\">\n\t\t\t\t<div class=\"elementor-widget-container\">\n\t\t\t\t\t<div class=\"elementor-image-box-wrapper\"><div class=\"elementor-image-box-content\"><h1 class=\"elementor-image-box-title\">To invest<\/h1><p class=\"elementor-image-box-description\">Raise your capital passively without facing market manipulations<\/p><\/div><\/div>\t\t\t\t<\/div>\n\t\t\t\t<\/div>\n\t\t\t\t<div class=\"elementor-element elementor-element-7334a220 elementor-widget elementor-widget-button\" data-id=\"7334a220\" data-element_type=\"widget\" data-e-type=\"widget\" data-widget_type=\"button.default\">\n\t\t\t\t<div class=\"elementor-widget-container\">\n\t\t\t\t\t\t\t\t\t<div class=\"elementor-button-wrapper\">\n\t\t\t\t\t<a class=\"elementor-button elementor-button-link elementor-size-sm\" href=\"https:\/\/stylishinversions.com\/en\/contact\/\">\n\t\t\t\t\t\t<span class=\"elementor-button-content-wrapper\">\n\t\t\t\t\t\t\t\t\t<span class=\"elementor-button-text\">invest here<\/span>\n\t\t\t\t\t<\/span>\n\t\t\t\t\t<\/a>\n\t\t\t\t<\/div>\n\t\t\t\t\t\t\t\t<\/div>\n\t\t\t\t<\/div>\n\t\t\t\t\t<\/div>\n\t\t<\/div>\n\t\t\t\t<div class=\"elementor-column elementor-col-50 elementor-top-column elementor-element elementor-element-7285665\" data-id=\"7285665\" data-element_type=\"column\" data-e-type=\"column\">\n\t\t\t<div class=\"elementor-widget-wrap elementor-element-populated\">\n\t\t\t\t\t\t<div class=\"elementor-element elementor-element-508aa5f0 elementor-widget elementor-widget-image\" data-id=\"508aa5f0\" data-element_type=\"widget\" data-e-type=\"widget\" data-widget_type=\"image.default\">\n\t\t\t\t<div class=\"elementor-widget-container\">\n\t\t\t\t\t\t\t\t\t\t\t\t\t\t\t<img fetchpriority=\"high\" decoding=\"async\" width=\"1024\" height=\"485\" src=\"https:\/\/stylishinversions.com\/wp-content\/uploads\/2022\/03\/graph-growth-progress-3078546-1-1024x485.png\" class=\"attachment-large size-large wp-image-578\" alt=\"\" srcset=\"https:\/\/stylishinversions.com\/wp-content\/uploads\/2022\/03\/graph-growth-progress-3078546-1-1024x485.png 1024w, https:\/\/stylishinversions.com\/wp-content\/uploads\/2022\/03\/graph-growth-progress-3078546-1-300x142.png 300w, https:\/\/stylishinversions.com\/wp-content\/uploads\/2022\/03\/graph-growth-progress-3078546-1-768x364.png 768w, https:\/\/stylishinversions.com\/wp-content\/uploads\/2022\/03\/graph-growth-progress-3078546-1.png 1280w\" sizes=\"(max-width: 1024px) 100vw, 1024px\" \/>\t\t\t\t\t\t\t\t\t\t\t\t\t\t\t<\/div>\n\t\t\t\t<\/div>\n\t\t\t\t\t<\/div>\n\t\t<\/div>\n\t\t\t\t\t<\/div>\n\t\t<\/section>\n\t\t\t\t<section class=\"elementor-section elementor-top-section elementor-element elementor-element-9e09982 elementor-section-boxed elementor-section-height-default elementor-section-height-default\" data-id=\"9e09982\" data-element_type=\"section\" data-e-type=\"section\">\n\t\t\t\t\t\t<div class=\"elementor-container elementor-column-gap-no\">\n\t\t\t\t\t<div class=\"elementor-column elementor-col-50 elementor-top-column elementor-element elementor-element-4b9de95\" data-id=\"4b9de95\" data-element_type=\"column\" data-e-type=\"column\">\n\t\t\t<div class=\"elementor-widget-wrap elementor-element-populated\">\n\t\t\t\t\t\t<div class=\"elementor-element elementor-element-1fab74e0 elementor-widget elementor-widget-image\" data-id=\"1fab74e0\" data-element_type=\"widget\" data-e-type=\"widget\" data-widget_type=\"image.default\">\n\t\t\t\t<div class=\"elementor-widget-container\">\n\t\t\t\t\t\t\t\t\t\t\t\t\t\t\t<img decoding=\"async\" width=\"810\" height=\"456\" src=\"https:\/\/stylishinversions.com\/wp-content\/uploads\/2023\/04\/amazon-lo-mas-vendido.jpg\" class=\"attachment-large size-large wp-image-902\" alt=\"\" srcset=\"https:\/\/stylishinversions.com\/wp-content\/uploads\/2023\/04\/amazon-lo-mas-vendido.jpg 810w, https:\/\/stylishinversions.com\/wp-content\/uploads\/2023\/04\/amazon-lo-mas-vendido-300x169.jpg 300w, https:\/\/stylishinversions.com\/wp-content\/uploads\/2023\/04\/amazon-lo-mas-vendido-768x432.jpg 768w, https:\/\/stylishinversions.com\/wp-content\/uploads\/2023\/04\/amazon-lo-mas-vendido-18x10.jpg 18w\" sizes=\"(max-width: 810px) 100vw, 810px\" \/>\t\t\t\t\t\t\t\t\t\t\t\t\t\t\t<\/div>\n\t\t\t\t<\/div>\n\t\t\t\t\t<\/div>\n\t\t<\/div>\n\t\t\t\t<div class=\"elementor-column elementor-col-50 elementor-top-column elementor-element elementor-element-ddc17dc\" data-id=\"ddc17dc\" data-element_type=\"column\" data-e-type=\"column\">\n\t\t\t<div class=\"elementor-widget-wrap elementor-element-populated\">\n\t\t\t\t\t\t<div class=\"elementor-element elementor-element-5fd89a9 elementor-widget elementor-widget-image-box\" data-id=\"5fd89a9\" data-element_type=\"widget\" data-e-type=\"widget\" data-widget_type=\"image-box.default\">\n\t\t\t\t<div class=\"elementor-widget-container\">\n\t\t\t\t\t<div class=\"elementor-image-box-wrapper\"><div class=\"elementor-image-box-content\"><h1 class=\"elementor-image-box-title\">Productos TOP<\/h1><p class=\"elementor-image-box-description\">Descubra las \u00faltimas novedades del mercado en tiempo real, los productos m\u00e1s demandados del momento<\/p><\/div><\/div>\t\t\t\t<\/div>\n\t\t\t\t<\/div>\n\t\t\t\t<div class=\"elementor-element elementor-element-d6d9527 elementor-widget elementor-widget-button\" data-id=\"d6d9527\" data-element_type=\"widget\" data-e-type=\"widget\" data-widget_type=\"button.default\">\n\t\t\t\t<div class=\"elementor-widget-container\">\n\t\t\t\t\t\t\t\t\t<div class=\"elementor-button-wrapper\">\n\t\t\t\t\t<a class=\"elementor-button elementor-button-link elementor-size-sm\" href=\"https:\/\/stylishinversions.com\/en\/productos-top\/\">\n\t\t\t\t\t\t<span class=\"elementor-button-content-wrapper\">\n\t\t\t\t\t\t\t\t\t<span class=\"elementor-button-text\">comprar<\/span>\n\t\t\t\t\t<\/span>\n\t\t\t\t\t<\/a>\n\t\t\t\t<\/div>\n\t\t\t\t\t\t\t\t<\/div>\n\t\t\t\t<\/div>\n\t\t\t\t\t<\/div>\n\t\t<\/div>\n\t\t\t\t\t<\/div>\n\t\t<\/section>\n\t\t\t\t<section class=\"elementor-section elementor-top-section elementor-element elementor-element-6027d0f elementor-reverse-mobile elementor-section-boxed elementor-section-height-default elementor-section-height-default\" data-id=\"6027d0f\" data-element_type=\"section\" data-e-type=\"section\">\n\t\t\t\t\t\t<div class=\"elementor-container elementor-column-gap-no\">\n\t\t\t\t\t<div class=\"elementor-column elementor-col-50 elementor-top-column elementor-element elementor-element-355c572\" data-id=\"355c572\" data-element_type=\"column\" data-e-type=\"column\">\n\t\t\t<div class=\"elementor-widget-wrap elementor-element-populated\">\n\t\t\t\t\t\t<div class=\"elementor-element elementor-element-feeaa45 elementor-widget elementor-widget-image-box\" data-id=\"feeaa45\" data-element_type=\"widget\" data-e-type=\"widget\" data-widget_type=\"image-box.default\">\n\t\t\t\t<div class=\"elementor-widget-container\">\n\t\t\t\t\t<div class=\"elementor-image-box-wrapper\"><div class=\"elementor-image-box-content\"><h1 class=\"elementor-image-box-title\">Statistics<\/h1><p class=\"elementor-image-box-description\">Find out how the week went <\/p><\/div><\/div>\t\t\t\t<\/div>\n\t\t\t\t<\/div>\n\t\t\t\t<div class=\"elementor-element elementor-element-882c271 elementor-widget elementor-widget-button\" data-id=\"882c271\" data-element_type=\"widget\" data-e-type=\"widget\" data-widget_type=\"button.default\">\n\t\t\t\t<div class=\"elementor-widget-container\">\n\t\t\t\t\t\t\t\t\t<div class=\"elementor-button-wrapper\">\n\t\t\t\t\t<a class=\"elementor-button elementor-button-link elementor-size-sm\" href=\"https:\/\/stylishinversions.com\/en\/estadisticas\/\">\n\t\t\t\t\t\t<span class=\"elementor-button-content-wrapper\">\n\t\t\t\t\t\t\t\t\t<span class=\"elementor-button-text\">Statistics<\/span>\n\t\t\t\t\t<\/span>\n\t\t\t\t\t<\/a>\n\t\t\t\t<\/div>\n\t\t\t\t\t\t\t\t<\/div>\n\t\t\t\t<\/div>\n\t\t\t\t\t<\/div>\n\t\t<\/div>\n\t\t\t\t<div class=\"elementor-column elementor-col-50 elementor-top-column elementor-element elementor-element-623a32c\" data-id=\"623a32c\" data-element_type=\"column\" data-e-type=\"column\">\n\t\t\t<div class=\"elementor-widget-wrap elementor-element-populated\">\n\t\t\t\t\t\t<div class=\"elementor-element elementor-element-628e670 elementor-widget elementor-widget-image\" data-id=\"628e670\" data-element_type=\"widget\" data-e-type=\"widget\" data-widget_type=\"image.default\">\n\t\t\t\t<div class=\"elementor-widget-container\">\n\t\t\t\t\t\t\t\t\t\t\t\t\t\t\t<img decoding=\"async\" width=\"1024\" height=\"678\" src=\"https:\/\/stylishinversions.com\/wp-content\/uploads\/2022\/03\/financial-analytics-blur-2860753-1-1024x678.jpg\" class=\"attachment-large size-large wp-image-580\" alt=\"\" srcset=\"https:\/\/stylishinversions.com\/wp-content\/uploads\/2022\/03\/financial-analytics-blur-2860753-1-1024x678.jpg 1024w, https:\/\/stylishinversions.com\/wp-content\/uploads\/2022\/03\/financial-analytics-blur-2860753-1-300x199.jpg 300w, https:\/\/stylishinversions.com\/wp-content\/uploads\/2022\/03\/financial-analytics-blur-2860753-1-768x508.jpg 768w, https:\/\/stylishinversions.com\/wp-content\/uploads\/2022\/03\/financial-analytics-blur-2860753-1.jpg 1280w\" sizes=\"(max-width: 1024px) 100vw, 1024px\" \/>\t\t\t\t\t\t\t\t\t\t\t\t\t\t\t<\/div>\n\t\t\t\t<\/div>\n\t\t\t\t\t<\/div>\n\t\t<\/div>\n\t\t\t\t\t<\/div>\n\t\t<\/section>\n\t\t\t\t<section class=\"elementor-section elementor-top-section elementor-element elementor-element-11c9b5e elementor-section-content-middle elementor-section-boxed elementor-section-height-default elementor-section-height-default\" data-id=\"11c9b5e\" data-element_type=\"section\" data-e-type=\"section\" data-settings=\"{&quot;background_background&quot;:&quot;classic&quot;}\">\n\t\t\t\t\t\t<div class=\"elementor-container elementor-column-gap-no\">\n\t\t\t\t\t<div class=\"elementor-column elementor-col-100 elementor-top-column elementor-element elementor-element-8712de8\" data-id=\"8712de8\" data-element_type=\"column\" data-e-type=\"column\">\n\t\t\t<div class=\"elementor-widget-wrap\">\n\t\t\t\t\t\t\t<\/div>\n\t\t<\/div>\n\t\t\t\t\t<\/div>\n\t\t<\/section>\n\t\t\t\t<\/div>","protected":false},"excerpt":{"rendered":"<p>Servicios Invertir Aumente su capital de forma pasiva sin enfrentar las manipulaciones del mercado Invierte aqu\u00ed Productos TOP Descubra las \u00faltimas novedades del mercado en tiempo real, los productos m\u00e1s demandados del momento comprar Estad\u00edsticas Descubre como le ha ido en la semana Estad\u00edsticas<\/p>","protected":false},"author":1,"featured_media":0,"parent":0,"menu_order":0,"comment_status":"closed","ping_status":"closed","template":"","meta":{"_crdt_document":"","site-sidebar-layout":"no-sidebar","site-content-layout":"page-builder","ast-site-content-layout":"default","site-content-style":"default","site-sidebar-style":"default","ast-global-header-display":"","ast-banner-title-visibility":"","ast-main-header-display":"","ast-hfb-above-header-display":"","ast-hfb-below-header-display":"","ast-hfb-mobile-header-display":"","site-post-title":"disabled","ast-breadcrumbs-content":"","ast-featured-img":"","footer-sml-layout":"","theme-transparent-header-meta":"enabled","adv-header-id-meta":"","stick-header-meta":"","header-above-stick-meta":"","header-main-stick-meta":"","header-below-stick-meta":"","astra-migrate-meta-layouts":"default","ast-page-background-enabled":"default","ast-page-background-meta":{"desktop":{"background-color":"","background-image":"","background-repeat":"repeat","background-position":"center center","background-size":"auto","background-attachment":"scroll","background-type":"","background-media":"","overlay-type":"","overlay-color":"","overlay-opacity":"","overlay-gradient":""},"tablet":{"background-color":"","background-image":"","background-repeat":"repeat","background-position":"center center","background-size":"auto","background-attachment":"scroll","background-type":"","background-media":"","overlay-type":"","overlay-color":"","overlay-opacity":"","overlay-gradient":""},"mobile":{"background-color":"","background-image":"","background-repeat":"repeat","background-position":"center center","background-size":"auto","background-attachment":"scroll","background-type":"","background-media":"","overlay-type":"","overlay-color":"","overlay-opacity":"","overlay-gradient":""}},"ast-content-background-meta":{"desktop":{"background-color":"var(--ast-global-color-5)","background-image":"","background-repeat":"repeat","background-position":"center center","background-size":"auto","background-attachment":"scroll","background-type":"","background-media":"","overlay-type":"","overlay-color":"","overlay-opacity":"","overlay-gradient":""},"tablet":{"background-color":"var(--ast-global-color-5)","background-image":"","background-repeat":"repeat","background-position":"center center","background-size":"auto","background-attachment":"scroll","background-type":"","background-media":"","overlay-type":"","overlay-color":"","overlay-opacity":"","overlay-gradient":""},"mobile":{"background-color":"var(--ast-global-color-5)","background-image":"","background-repeat":"repeat","background-position":"center center","background-size":"auto","background-attachment":"scroll","background-type":"","background-media":"","overlay-type":"","overlay-color":"","overlay-opacity":"","overlay-gradient":""}},"footnotes":""},"class_list":["post-32","page","type-page","status-publish","hentry"],"yoast_head":"<!-- This site is optimized with the Yoast SEO plugin v27.0 - https:\/\/yoast.com\/product\/yoast-seo-wordpress\/ -->\n<title>Servicios - Stylish Inversions<\/title>\n<meta name=\"robots\" content=\"index, follow, max-snippet:-1, max-image-preview:large, max-video-preview:-1\" \/>\n<link rel=\"canonical\" href=\"https:\/\/stylishinversions.com\/en\/servicios\/\" \/>\n<meta property=\"og:locale\" content=\"en_US\" \/>\n<meta property=\"og:type\" content=\"article\" \/>\n<meta property=\"og:title\" content=\"Servicios - Stylish Inversions\" \/>\n<meta property=\"og:description\" content=\"Servicios Invertir Aumente su capital de forma pasiva sin enfrentar las manipulaciones del mercado Invierte aqu\u00ed Productos TOP Descubra las \u00faltimas novedades del mercado en tiempo real, los productos m\u00e1s demandados del momento comprar Estad\u00edsticas Descubre como le ha ido en la semana Estad\u00edsticas\" \/>\n<meta property=\"og:url\" content=\"https:\/\/stylishinversions.com\/en\/servicios\/\" \/>\n<meta property=\"og:site_name\" content=\"Stylish Inversions\" \/>\n<meta property=\"article:modified_time\" content=\"2023-04-20T10:52:30+00:00\" \/>\n<meta property=\"og:image\" content=\"https:\/\/stylishinversions.com\/wp-content\/uploads\/2022\/03\/graph-growth-progress-3078546-1-1024x485.png\" \/>\n<meta name=\"twitter:card\" content=\"summary_large_image\" \/>\n<meta name=\"twitter:label1\" content=\"Est. reading time\" \/>\n\t<meta name=\"twitter:data1\" content=\"1 minute\" \/>\n<script type=\"application\/ld+json\" class=\"yoast-schema-graph\">{\"@context\":\"https:\/\/schema.org\",\"@graph\":[{\"@type\":\"WebPage\",\"@id\":\"https:\/\/stylishinversions.com\/servicios\/\",\"url\":\"https:\/\/stylishinversions.com\/servicios\/\",\"name\":\"Servicios - Stylish Inversions\",\"isPartOf\":{\"@id\":\"https:\/\/stylishinversions.com\/#website\"},\"primaryImageOfPage\":{\"@id\":\"https:\/\/stylishinversions.com\/servicios\/#primaryimage\"},\"image\":{\"@id\":\"https:\/\/stylishinversions.com\/servicios\/#primaryimage\"},\"thumbnailUrl\":\"https:\/\/stylishinversions.com\/wp-content\/uploads\/2022\/03\/graph-growth-progress-3078546-1-1024x485.png\",\"datePublished\":\"2020-04-13T11:18:50+00:00\",\"dateModified\":\"2023-04-20T10:52:30+00:00\",\"breadcrumb\":{\"@id\":\"https:\/\/stylishinversions.com\/servicios\/#breadcrumb\"},\"inLanguage\":\"en-US\",\"potentialAction\":[{\"@type\":\"ReadAction\",\"target\":[\"https:\/\/stylishinversions.com\/servicios\/\"]}]},{\"@type\":\"ImageObject\",\"inLanguage\":\"en-US\",\"@id\":\"https:\/\/stylishinversions.com\/servicios\/#primaryimage\",\"url\":\"https:\/\/stylishinversions.com\/wp-content\/uploads\/2022\/03\/graph-growth-progress-3078546-1-1024x485.png\",\"contentUrl\":\"https:\/\/stylishinversions.com\/wp-content\/uploads\/2022\/03\/graph-growth-progress-3078546-1-1024x485.png\"},{\"@type\":\"BreadcrumbList\",\"@id\":\"https:\/\/stylishinversions.com\/servicios\/#breadcrumb\",\"itemListElement\":[{\"@type\":\"ListItem\",\"position\":1,\"name\":\"Portada\",\"item\":\"https:\/\/stylishinversions.com\/\"},{\"@type\":\"ListItem\",\"position\":2,\"name\":\"Servicios\"}]},{\"@type\":\"WebSite\",\"@id\":\"https:\/\/stylishinversions.com\/#website\",\"url\":\"https:\/\/stylishinversions.com\/\",\"name\":\"Stylish Inversions\",\"description\":\"\",\"publisher\":{\"@id\":\"https:\/\/stylishinversions.com\/#organization\"},\"potentialAction\":[{\"@type\":\"SearchAction\",\"target\":{\"@type\":\"EntryPoint\",\"urlTemplate\":\"https:\/\/stylishinversions.com\/?s={search_term_string}\"},\"query-input\":{\"@type\":\"PropertyValueSpecification\",\"valueRequired\":true,\"valueName\":\"search_term_string\"}}],\"inLanguage\":\"en-US\"},{\"@type\":\"Organization\",\"@id\":\"https:\/\/stylishinversions.com\/#organization\",\"name\":\"Stylish Inversions\",\"url\":\"https:\/\/stylishinversions.com\/\",\"logo\":{\"@type\":\"ImageObject\",\"inLanguage\":\"en-US\",\"@id\":\"https:\/\/stylishinversions.com\/#\/schema\/logo\/image\/\",\"url\":\"https:\/\/stylishinversions.com\/wp-content\/uploads\/2022\/03\/cropped-logo.png\",\"contentUrl\":\"https:\/\/stylishinversions.com\/wp-content\/uploads\/2022\/03\/cropped-logo.png\",\"width\":300,\"height\":218,\"caption\":\"Stylish Inversions\"},\"image\":{\"@id\":\"https:\/\/stylishinversions.com\/#\/schema\/logo\/image\/\"},\"sameAs\":[\"https:\/\/www.pinterest.es\/stylishinversions\"]}]}<\/script>\n<!-- \/ Yoast SEO plugin. -->","yoast_head_json":{"title":"Servicios - Stylish Inversions","robots":{"index":"index","follow":"follow","max-snippet":"max-snippet:-1","max-image-preview":"max-image-preview:large","max-video-preview":"max-video-preview:-1"},"canonical":"https:\/\/stylishinversions.com\/en\/servicios\/","og_locale":"en_US","og_type":"article","og_title":"Servicios - Stylish Inversions","og_description":"Servicios Invertir Aumente su capital de forma pasiva sin enfrentar las manipulaciones del mercado Invierte aqu\u00ed Productos TOP Descubra las \u00faltimas novedades del mercado en tiempo real, los productos m\u00e1s demandados del momento comprar Estad\u00edsticas Descubre como le ha ido en la semana Estad\u00edsticas","og_url":"https:\/\/stylishinversions.com\/en\/servicios\/","og_site_name":"Stylish Inversions","article_modified_time":"2023-04-20T10:52:30+00:00","og_image":[{"url":"https:\/\/stylishinversions.com\/wp-content\/uploads\/2022\/03\/graph-growth-progress-3078546-1-1024x485.png","type":"","width":"","height":""}],"twitter_card":"summary_large_image","twitter_misc":{"Est. reading time":"1 minute"},"schema":{"@context":"https:\/\/schema.org","@graph":[{"@type":"WebPage","@id":"https:\/\/stylishinversions.com\/servicios\/","url":"https:\/\/stylishinversions.com\/servicios\/","name":"Servicios - Stylish Inversions","isPartOf":{"@id":"https:\/\/stylishinversions.com\/#website"},"primaryImageOfPage":{"@id":"https:\/\/stylishinversions.com\/servicios\/#primaryimage"},"image":{"@id":"https:\/\/stylishinversions.com\/servicios\/#primaryimage"},"thumbnailUrl":"https:\/\/stylishinversions.com\/wp-content\/uploads\/2022\/03\/graph-growth-progress-3078546-1-1024x485.png","datePublished":"2020-04-13T11:18:50+00:00","dateModified":"2023-04-20T10:52:30+00:00","breadcrumb":{"@id":"https:\/\/stylishinversions.com\/servicios\/#breadcrumb"},"inLanguage":"en-US","potentialAction":[{"@type":"ReadAction","target":["https:\/\/stylishinversions.com\/servicios\/"]}]},{"@type":"ImageObject","inLanguage":"en-US","@id":"https:\/\/stylishinversions.com\/servicios\/#primaryimage","url":"https:\/\/stylishinversions.com\/wp-content\/uploads\/2022\/03\/graph-growth-progress-3078546-1-1024x485.png","contentUrl":"https:\/\/stylishinversions.com\/wp-content\/uploads\/2022\/03\/graph-growth-progress-3078546-1-1024x485.png"},{"@type":"BreadcrumbList","@id":"https:\/\/stylishinversions.com\/servicios\/#breadcrumb","itemListElement":[{"@type":"ListItem","position":1,"name":"Portada","item":"https:\/\/stylishinversions.com\/"},{"@type":"ListItem","position":2,"name":"Servicios"}]},{"@type":"WebSite","@id":"https:\/\/stylishinversions.com\/#website","url":"https:\/\/stylishinversions.com\/","name":"Stylish Inversions","description":"","publisher":{"@id":"https:\/\/stylishinversions.com\/#organization"},"potentialAction":[{"@type":"SearchAction","target":{"@type":"EntryPoint","urlTemplate":"https:\/\/stylishinversions.com\/?s={search_term_string}"},"query-input":{"@type":"PropertyValueSpecification","valueRequired":true,"valueName":"search_term_string"}}],"inLanguage":"en-US"},{"@type":"Organization","@id":"https:\/\/stylishinversions.com\/#organization","name":"Stylish Inversions","url":"https:\/\/stylishinversions.com\/","logo":{"@type":"ImageObject","inLanguage":"en-US","@id":"https:\/\/stylishinversions.com\/#\/schema\/logo\/image\/","url":"https:\/\/stylishinversions.com\/wp-content\/uploads\/2022\/03\/cropped-logo.png","contentUrl":"https:\/\/stylishinversions.com\/wp-content\/uploads\/2022\/03\/cropped-logo.png","width":300,"height":218,"caption":"Stylish Inversions"},"image":{"@id":"https:\/\/stylishinversions.com\/#\/schema\/logo\/image\/"},"sameAs":["https:\/\/www.pinterest.es\/stylishinversions"]}]}},"_links":{"self":[{"href":"https:\/\/stylishinversions.com\/en\/wp-json\/wp\/v2\/pages\/32","targetHints":{"allow":["GET"]}}],"collection":[{"href":"https:\/\/stylishinversions.com\/en\/wp-json\/wp\/v2\/pages"}],"about":[{"href":"https:\/\/stylishinversions.com\/en\/wp-json\/wp\/v2\/types\/page"}],"author":[{"embeddable":true,"href":"https:\/\/stylishinversions.com\/en\/wp-json\/wp\/v2\/users\/1"}],"replies":[{"embeddable":true,"href":"https:\/\/stylishinversions.com\/en\/wp-json\/wp\/v2\/comments?post=32"}],"version-history":[{"count":38,"href":"https:\/\/stylishinversions.com\/en\/wp-json\/wp\/v2\/pages\/32\/revisions"}],"predecessor-version":[{"id":905,"href":"https:\/\/stylishinversions.com\/en\/wp-json\/wp\/v2\/pages\/32\/revisions\/905"}],"wp:attachment":[{"href":"https:\/\/stylishinversions.com\/en\/wp-json\/wp\/v2\/media?parent=32"}],"curies":[{"name":"wp","href":"https:\/\/api.w.org\/{rel}","templated":true}]}}