{"id":688,"date":"2022-03-26T17:46:49","date_gmt":"2022-03-26T17:46:49","guid":{"rendered":"https:\/\/stylishinversions.com\/?page_id=688"},"modified":"2022-03-27T01:30:26","modified_gmt":"2022-03-27T01:30:26","slug":"aviso_legal","status":"publish","type":"page","link":"https:\/\/stylishinversions.com\/en\/aviso_legal\/","title":{"rendered":"Legal warning"},"content":{"rendered":"<p class=\"wp-block-paragraph\">This&nbsp;<strong>legal warning<\/strong> of Stylish Inversions regulates the rights and obligations, in relation to access, navigation and use of this website, notwithstanding that Stylish Inversions reserves the right to modify, without prior notice, its content, being in force those that are are published at the time of navigation.<\/p>\n\n\n\n<p class=\"wp-block-paragraph\">By browsing, viewing and using this website you acquire the status of user and therefore implies your express acceptance of all the clauses that we indicate in this Legal Notice, as well as the rest of the warnings or specific clauses that are established in the different sections for contracting, use of services, products, inscriptions, or sections of the Page.<\/p>\n\n\n\n<p class=\"wp-block-paragraph\">Therefore, if you do not accept the clauses established in this Legal Notice, you must refrain from accessing and\/or using the services and\/or content made available to you on the Page, proceeding to abandon it.<br><br>Stylish Inversions may terminate, suspend or interrupt, at any time without prior notice, access to the contents of the page, without the possibility for the User to demand any compensation. However, in the event of closure of the platform, an attempt will be made to return any payment made for annual subscriptions not completed.<\/p>\n\n\n\n<h3 class=\"wp-block-heading\" style=\"text-transform:uppercase\"><strong>In addition to the Legal Notice of Stylish Inversions, you can also see:<\/strong><\/h3>\n\n\n\n<p class=\"wp-block-paragraph\"><a href=\"https:\/\/stylishinversions.com\/en\/privacidad\/\" target=\"_blank\" rel=\"noreferrer noopener\">Our Privacy Policy.<\/a><br><a href=\"https:\/\/stylishinversions.com\/en\/cookies\/\" target=\"_blank\" rel=\"noreferrer noopener\">Our Cookie Policy<\/a><\/p>","protected":false},"excerpt":{"rendered":"<p>El presente&nbsp;AVISO LEGAL de Stylish Inversions regula los derechos y obligaciones, en relaci\u00f3n al acceso, navegaci\u00f3n y utilizaci\u00f3n de la presente web sin perjuicio de que Stylish Inversions se reserve el derecho a modificar, sin previo aviso, su contenido, siendo vigentes las que se encuentren publicadas en el momento de navegaci\u00f3n. Mediante la navegaci\u00f3n, visualizaci\u00f3n [&hellip;]<\/p>\n","protected":false},"author":1,"featured_media":0,"parent":0,"menu_order":0,"comment_status":"closed","ping_status":"closed","template":"","meta":{"_crdt_document":"","site-sidebar-layout":"default","site-content-layout":"","ast-site-content-layout":"default","site-content-style":"default","site-sidebar-style":"default","ast-global-header-display":"","ast-banner-title-visibility":"","ast-main-header-display":"","ast-hfb-above-header-display":"","ast-hfb-below-header-display":"","ast-hfb-mobile-header-display":"","site-post-title":"","ast-breadcrumbs-content":"","ast-featured-img":"","footer-sml-layout":"","theme-transparent-header-meta":"","adv-header-id-meta":"","stick-header-meta":"","header-above-stick-meta":"","header-main-stick-meta":"","header-below-stick-meta":"","astra-migrate-meta-layouts":"default","ast-page-background-enabled":"default","ast-page-background-meta":{"desktop":{"background-color":"","background-image":"","background-repeat":"repeat","background-position":"center center","background-size":"auto","background-attachment":"scroll","background-type":"","background-media":"","overlay-type":"","overlay-color":"","overlay-opacity":"","overlay-gradient":""},"tablet":{"background-color":"","background-image":"","background-repeat":"repeat","background-position":"center center","background-size":"auto","background-attachment":"scroll","background-type":"","background-media":"","overlay-type":"","overlay-color":"","overlay-opacity":"","overlay-gradient":""},"mobile":{"background-color":"","background-image":"","background-repeat":"repeat","background-position":"center center","background-size":"auto","background-attachment":"scroll","background-type":"","background-media":"","overlay-type":"","overlay-color":"","overlay-opacity":"","overlay-gradient":""}},"ast-content-background-meta":{"desktop":{"background-color":"var(--ast-global-color-5)","background-image":"","background-repeat":"repeat","background-position":"center center","background-size":"auto","background-attachment":"scroll","background-type":"","background-media":"","overlay-type":"","overlay-color":"","overlay-opacity":"","overlay-gradient":""},"tablet":{"background-color":"var(--ast-global-color-5)","background-image":"","background-repeat":"repeat","background-position":"center center","background-size":"auto","background-attachment":"scroll","background-type":"","background-media":"","overlay-type":"","overlay-color":"","overlay-opacity":"","overlay-gradient":""},"mobile":{"background-color":"var(--ast-global-color-5)","background-image":"","background-repeat":"repeat","background-position":"center center","background-size":"auto","background-attachment":"scroll","background-type":"","background-media":"","overlay-type":"","overlay-color":"","overlay-opacity":"","overlay-gradient":""}},"footnotes":""},"class_list":["post-688","page","type-page","status-publish","hentry"],"yoast_head":"<!-- This site is optimized with the Yoast SEO plugin v27.0 - https:\/\/yoast.com\/product\/yoast-seo-wordpress\/ -->\n<title>Aviso Legal - Stylish Inversions<\/title>\n<meta name=\"robots\" content=\"index, follow, max-snippet:-1, max-image-preview:large, max-video-preview:-1\" \/>\n<link rel=\"canonical\" href=\"https:\/\/stylishinversions.com\/en\/aviso_legal\/\" \/>\n<meta property=\"og:locale\" content=\"en_US\" \/>\n<meta property=\"og:type\" content=\"article\" \/>\n<meta property=\"og:title\" content=\"Aviso Legal - Stylish Inversions\" \/>\n<meta property=\"og:description\" content=\"El presente&nbsp;AVISO LEGAL de Stylish Inversions regula los derechos y obligaciones, en relaci\u00f3n al acceso, navegaci\u00f3n y utilizaci\u00f3n de la presente web sin perjuicio de que Stylish Inversions se reserve el derecho a modificar, sin previo aviso, su contenido, siendo vigentes las que se encuentren publicadas en el momento de navegaci\u00f3n. Mediante la navegaci\u00f3n, visualizaci\u00f3n [&hellip;]\" \/>\n<meta property=\"og:url\" content=\"https:\/\/stylishinversions.com\/en\/aviso_legal\/\" \/>\n<meta property=\"og:site_name\" content=\"Stylish Inversions\" \/>\n<meta property=\"article:modified_time\" content=\"2022-03-27T01:30:26+00:00\" \/>\n<meta name=\"twitter:card\" content=\"summary_large_image\" \/>\n<meta name=\"twitter:label1\" content=\"Est. reading time\" \/>\n\t<meta name=\"twitter:data1\" content=\"2 minutes\" \/>\n<script type=\"application\/ld+json\" class=\"yoast-schema-graph\">{\"@context\":\"https:\/\/schema.org\",\"@graph\":[{\"@type\":\"WebPage\",\"@id\":\"https:\/\/stylishinversions.com\/aviso_legal\/\",\"url\":\"https:\/\/stylishinversions.com\/aviso_legal\/\",\"name\":\"Aviso Legal - Stylish Inversions\",\"isPartOf\":{\"@id\":\"https:\/\/stylishinversions.com\/#website\"},\"datePublished\":\"2022-03-26T17:46:49+00:00\",\"dateModified\":\"2022-03-27T01:30:26+00:00\",\"breadcrumb\":{\"@id\":\"https:\/\/stylishinversions.com\/aviso_legal\/#breadcrumb\"},\"inLanguage\":\"en-US\",\"potentialAction\":[{\"@type\":\"ReadAction\",\"target\":[\"https:\/\/stylishinversions.com\/aviso_legal\/\"]}]},{\"@type\":\"BreadcrumbList\",\"@id\":\"https:\/\/stylishinversions.com\/aviso_legal\/#breadcrumb\",\"itemListElement\":[{\"@type\":\"ListItem\",\"position\":1,\"name\":\"Portada\",\"item\":\"https:\/\/stylishinversions.com\/\"},{\"@type\":\"ListItem\",\"position\":2,\"name\":\"Aviso Legal\"}]},{\"@type\":\"WebSite\",\"@id\":\"https:\/\/stylishinversions.com\/#website\",\"url\":\"https:\/\/stylishinversions.com\/\",\"name\":\"Stylish Inversions\",\"description\":\"\",\"publisher\":{\"@id\":\"https:\/\/stylishinversions.com\/#organization\"},\"potentialAction\":[{\"@type\":\"SearchAction\",\"target\":{\"@type\":\"EntryPoint\",\"urlTemplate\":\"https:\/\/stylishinversions.com\/?s={search_term_string}\"},\"query-input\":{\"@type\":\"PropertyValueSpecification\",\"valueRequired\":true,\"valueName\":\"search_term_string\"}}],\"inLanguage\":\"en-US\"},{\"@type\":\"Organization\",\"@id\":\"https:\/\/stylishinversions.com\/#organization\",\"name\":\"Stylish Inversions\",\"url\":\"https:\/\/stylishinversions.com\/\",\"logo\":{\"@type\":\"ImageObject\",\"inLanguage\":\"en-US\",\"@id\":\"https:\/\/stylishinversions.com\/#\/schema\/logo\/image\/\",\"url\":\"https:\/\/stylishinversions.com\/wp-content\/uploads\/2022\/03\/cropped-logo.png\",\"contentUrl\":\"https:\/\/stylishinversions.com\/wp-content\/uploads\/2022\/03\/cropped-logo.png\",\"width\":300,\"height\":218,\"caption\":\"Stylish Inversions\"},\"image\":{\"@id\":\"https:\/\/stylishinversions.com\/#\/schema\/logo\/image\/\"},\"sameAs\":[\"https:\/\/www.pinterest.es\/stylishinversions\"]}]}<\/script>\n<!-- \/ Yoast SEO plugin. -->","yoast_head_json":{"title":"Aviso Legal - Stylish Inversions","robots":{"index":"index","follow":"follow","max-snippet":"max-snippet:-1","max-image-preview":"max-image-preview:large","max-video-preview":"max-video-preview:-1"},"canonical":"https:\/\/stylishinversions.com\/en\/aviso_legal\/","og_locale":"en_US","og_type":"article","og_title":"Aviso Legal - Stylish Inversions","og_description":"El presente&nbsp;AVISO LEGAL de Stylish Inversions regula los derechos y obligaciones, en relaci\u00f3n al acceso, navegaci\u00f3n y utilizaci\u00f3n de la presente web sin perjuicio de que Stylish Inversions se reserve el derecho a modificar, sin previo aviso, su contenido, siendo vigentes las que se encuentren publicadas en el momento de navegaci\u00f3n. Mediante la navegaci\u00f3n, visualizaci\u00f3n [&hellip;]","og_url":"https:\/\/stylishinversions.com\/en\/aviso_legal\/","og_site_name":"Stylish Inversions","article_modified_time":"2022-03-27T01:30:26+00:00","twitter_card":"summary_large_image","twitter_misc":{"Est. reading time":"2 minutes"},"schema":{"@context":"https:\/\/schema.org","@graph":[{"@type":"WebPage","@id":"https:\/\/stylishinversions.com\/aviso_legal\/","url":"https:\/\/stylishinversions.com\/aviso_legal\/","name":"Aviso Legal - Stylish Inversions","isPartOf":{"@id":"https:\/\/stylishinversions.com\/#website"},"datePublished":"2022-03-26T17:46:49+00:00","dateModified":"2022-03-27T01:30:26+00:00","breadcrumb":{"@id":"https:\/\/stylishinversions.com\/aviso_legal\/#breadcrumb"},"inLanguage":"en-US","potentialAction":[{"@type":"ReadAction","target":["https:\/\/stylishinversions.com\/aviso_legal\/"]}]},{"@type":"BreadcrumbList","@id":"https:\/\/stylishinversions.com\/aviso_legal\/#breadcrumb","itemListElement":[{"@type":"ListItem","position":1,"name":"Portada","item":"https:\/\/stylishinversions.com\/"},{"@type":"ListItem","position":2,"name":"Aviso Legal"}]},{"@type":"WebSite","@id":"https:\/\/stylishinversions.com\/#website","url":"https:\/\/stylishinversions.com\/","name":"Stylish Inversions","description":"","publisher":{"@id":"https:\/\/stylishinversions.com\/#organization"},"potentialAction":[{"@type":"SearchAction","target":{"@type":"EntryPoint","urlTemplate":"https:\/\/stylishinversions.com\/?s={search_term_string}"},"query-input":{"@type":"PropertyValueSpecification","valueRequired":true,"valueName":"search_term_string"}}],"inLanguage":"en-US"},{"@type":"Organization","@id":"https:\/\/stylishinversions.com\/#organization","name":"Stylish Inversions","url":"https:\/\/stylishinversions.com\/","logo":{"@type":"ImageObject","inLanguage":"en-US","@id":"https:\/\/stylishinversions.com\/#\/schema\/logo\/image\/","url":"https:\/\/stylishinversions.com\/wp-content\/uploads\/2022\/03\/cropped-logo.png","contentUrl":"https:\/\/stylishinversions.com\/wp-content\/uploads\/2022\/03\/cropped-logo.png","width":300,"height":218,"caption":"Stylish Inversions"},"image":{"@id":"https:\/\/stylishinversions.com\/#\/schema\/logo\/image\/"},"sameAs":["https:\/\/www.pinterest.es\/stylishinversions"]}]}},"_links":{"self":[{"href":"https:\/\/stylishinversions.com\/en\/wp-json\/wp\/v2\/pages\/688","targetHints":{"allow":["GET"]}}],"collection":[{"href":"https:\/\/stylishinversions.com\/en\/wp-json\/wp\/v2\/pages"}],"about":[{"href":"https:\/\/stylishinversions.com\/en\/wp-json\/wp\/v2\/types\/page"}],"author":[{"embeddable":true,"href":"https:\/\/stylishinversions.com\/en\/wp-json\/wp\/v2\/users\/1"}],"replies":[{"embeddable":true,"href":"https:\/\/stylishinversions.com\/en\/wp-json\/wp\/v2\/comments?post=688"}],"version-history":[{"count":4,"href":"https:\/\/stylishinversions.com\/en\/wp-json\/wp\/v2\/pages\/688\/revisions"}],"predecessor-version":[{"id":722,"href":"https:\/\/stylishinversions.com\/en\/wp-json\/wp\/v2\/pages\/688\/revisions\/722"}],"wp:attachment":[{"href":"https:\/\/stylishinversions.com\/en\/wp-json\/wp\/v2\/media?parent=688"}],"curies":[{"name":"wp","href":"https:\/\/api.w.org\/{rel}","templated":true}]}}